{"id":39,"date":"2020-11-29T14:29:59","date_gmt":"2020-11-29T17:29:59","guid":{"rendered":"http:\/\/lab-laboranalise.com.br\/?page_id=39"},"modified":"2021-05-04T10:17:06","modified_gmt":"2021-05-04T13:17:06","slug":"sobre","status":"publish","type":"page","link":"https:\/\/lab-laboranalise.com.br\/?page_id=39","title":{"rendered":"Sobre"},"content":{"rendered":"<p>Fundado em 2004, na cidade de S\u00e3o Jos\u00e9 do Cal\u00e7ado, o Laborat\u00f3rio Laboran\u00e1lise \u00e9 o pioneiro em an\u00e1lises cl\u00ednicas no munic\u00edpio, tendo como principal objetivo a presta\u00e7\u00e3o de servi\u00e7o de sa\u00fade de qualidade ao povo Cal\u00e7adense.<\/p>\n<p>Com desempenho aprovada pelo Plano Nacional de Controle de Qualidade (PNCQ) da Sociedade Brasileira de An\u00e1lises Cl\u00ednicas (SBAC), o Laboran\u00e1lise tem obtido no programa qualifica\u00e7\u00e3o de Excel\u00eancia em suas an\u00e1lises.<\/p>\n<p>Com uma equipe t\u00e9cnico-administrativa de alta qualidade, uma estrutura tecnol\u00f3gica automatizada e parceria com grandes laborat\u00f3rios de apoio, o Laborat\u00f3rio Laboran\u00e1lise tem como princ\u00edpio dar \u00e0 seus clientes qualidade, agilidade, seguran\u00e7a e confian\u00e7a em qualquer analise realizada.<\/p>\n<p>Al\u00e9m de atender ao povo Cal\u00e7adense nas depend\u00eancias do Laborat\u00f3rio com atendimento particular, conv\u00eanios com a Secretaria Municipal de Sa\u00fade e outros conv\u00eanios como: Unimed, Bradesco e Banescaixa, tem sido ainda o laborat\u00f3rio de apoio do Hospital Estadual S\u00e3o Jos\u00e9 desde do ano de 2011.<\/p>\n<p>Em 2015 foi convidado a sediar o Laborat\u00f3rio de An\u00e1lises Clinicas da Policl\u00ednica Bonjesuense e neste ano de 2021 est\u00e1 se associando ao Centro Integrado de Sa\u00fade Bom Jesus, ambos na cidade vizinha de Bom Jesus do Itabapoana. Assim o Laborat\u00f3rio Laboran\u00e1lise conta com tr\u00eas unidades para atender pacientes e amigos, na cidade de S\u00e3o Jos\u00e9 do Cal\u00e7ado e na Cidade de Bom Jesus do Itabapoana e regi\u00e3o.<\/p>\n<p>&nbsp;<\/p>\n<p><strong>Miss\u00e3o da Empresa<\/strong><\/p>\n<p>Promover a melhoria da qualidade de vida das pessoas, auxiliando na detec\u00e7\u00e3o de suas patologias atrav\u00e9s de exames cl\u00ednicos do mais simples aos mais complexos, garantindo a notoriedade dos servi\u00e7os prestados, a partir da qualidade, confiabilidade e cumprimento dos prazos de seus servi\u00e7os e satisfa\u00e7\u00e3o dos clientes.<\/p>\n<p>&nbsp;<\/p>\n<p><strong>Vis\u00e3o da Empresa<\/strong><\/p>\n<p>Ser reconhecido na regi\u00e3o por seus clientes, pacientes e profissionais da sa\u00fade, como refer\u00eancia em qualidade e confiabilidade nos resultados e atendimentos prestados em suas unidades.<\/p>\n<p>&nbsp;<\/p>\n<p><strong>Valores da Empresa<\/strong><\/p>\n<p>\u00b7 \u00c9tica;<\/p>\n<p>\u00b7 Respeito;<\/p>\n<p>\u00b7 Confiabilidade;<\/p>\n<p>\u00b7 Honestidade;<\/p>\n<p>\u00b7 Busca pela excel\u00eancia.<\/p>\n","protected":false},"excerpt":{"rendered":"<p>Fundado em 2004, na cidade de S\u00e3o Jos\u00e9 do Cal\u00e7ado, o Laborat\u00f3rio Laboran\u00e1lise \u00e9 o pioneiro em an\u00e1lises cl\u00ednicas no munic\u00edpio, tendo como principal objetivo a presta\u00e7\u00e3o de servi\u00e7o de sa\u00fade de qualidade ao povo Cal\u00e7adense. Com desempenho aprovada pelo Plano Nacional de Controle de Qualidade (PNCQ) da Sociedade Brasileira de An\u00e1lises Cl\u00ednicas (SBAC), o [&hellip;]<\/p>\n","protected":false},"author":1,"featured_media":0,"parent":0,"menu_order":0,"comment_status":"closed","ping_status":"closed","template":"","meta":{"om_disable_all_campaigns":false,"_monsterinsights_skip_tracking":false,"_monsterinsights_sitenote_active":false,"_monsterinsights_sitenote_note":"","_monsterinsights_sitenote_category":0,"footnotes":""},"class_list":["post-39","page","type-page","status-publish","hentry"],"aioseo_notices":[],"_links":{"self":[{"href":"https:\/\/lab-laboranalise.com.br\/index.php?rest_route=\/wp\/v2\/pages\/39","targetHints":{"allow":["GET"]}}],"collection":[{"href":"https:\/\/lab-laboranalise.com.br\/index.php?rest_route=\/wp\/v2\/pages"}],"about":[{"href":"https:\/\/lab-laboranalise.com.br\/index.php?rest_route=\/wp\/v2\/types\/page"}],"author":[{"embeddable":true,"href":"https:\/\/lab-laboranalise.com.br\/index.php?rest_route=\/wp\/v2\/users\/1"}],"replies":[{"embeddable":true,"href":"https:\/\/lab-laboranalise.com.br\/index.php?rest_route=%2Fwp%2Fv2%2Fcomments&post=39"}],"version-history":[{"count":3,"href":"https:\/\/lab-laboranalise.com.br\/index.php?rest_route=\/wp\/v2\/pages\/39\/revisions"}],"predecessor-version":[{"id":130,"href":"https:\/\/lab-laboranalise.com.br\/index.php?rest_route=\/wp\/v2\/pages\/39\/revisions\/130"}],"wp:attachment":[{"href":"https:\/\/lab-laboranalise.com.br\/index.php?rest_route=%2Fwp%2Fv2%2Fmedia&parent=39"}],"curies":[{"name":"wp","href":"https:\/\/api.w.org\/{rel}","templated":true}]}}