{"id":41,"date":"2020-11-29T14:29:59","date_gmt":"2020-11-29T17:29:59","guid":{"rendered":"http:\/\/lab-laboranalise.com.br\/?page_id=41"},"modified":"2021-09-11T14:25:01","modified_gmt":"2021-09-11T17:25:01","slug":"contato","status":"publish","type":"page","link":"https:\/\/lab-laboranalise.com.br\/?page_id=41","title":{"rendered":"Contato"},"content":{"rendered":"\t\t<div data-elementor-type=\"wp-page\" data-elementor-id=\"41\" class=\"elementor elementor-41\">\n\t\t\t\t\t\t<section class=\"elementor-section elementor-top-section elementor-element elementor-element-4e4c5037 elementor-section-boxed elementor-section-height-default elementor-section-height-default\" data-id=\"4e4c5037\" data-element_type=\"section\" data-e-type=\"section\">\n\t\t\t\t\t\t<div class=\"elementor-container elementor-column-gap-default\">\n\t\t\t\t\t<div class=\"elementor-column elementor-col-100 elementor-top-column elementor-element elementor-element-50ca5bf4\" data-id=\"50ca5bf4\" data-element_type=\"column\" data-e-type=\"column\">\n\t\t\t<div class=\"elementor-widget-wrap elementor-element-populated\">\n\t\t\t\t\t\t<div class=\"elementor-element elementor-element-251e66c0 elementor-widget elementor-widget-text-editor\" data-id=\"251e66c0\" data-element_type=\"widget\" data-e-type=\"widget\" data-settings=\"{&quot;_animation&quot;:&quot;none&quot;}\" data-widget_type=\"text-editor.default\">\n\t\t\t\t<div class=\"elementor-widget-container\">\n\t\t\t\t\t\t\t\t\t<p><\/p>\n<p><span style=\"color: var( --e-global-color-text ); font-family: var( --e-global-typography-text-font-family ), Sans-serif; font-size: 18px; font-weight: bold;\">Or\u00e7amento:<\/span><\/p>\n<p style=\"font-size: 18px; font-weight: 400;\"><em style=\"font-style: normal;\">Click aqui:<\/em><a style=\"font-size: 18px;\" href=\"https:\/\/wa.me\/message\/NV5YMK5HQQIDL1\"><img decoding=\"async\" style=\"width: 98px;\" src=\"http:\/\/lab-laboranalise.com.br\/wp-content\/uploads\/2021\/08\/download-1.jpg\" alt=\"\" width=\"119\" height=\"98\"><\/a><\/p>\n<p style=\"font-size: 18px; font-weight: 400;\"><i>WhatsApp:<\/i><span style=\"font-style: normal;\"> (22) 98819-9398<\/span><\/p>\n<p style=\"font-size: 18px; font-style: normal; font-weight: 400;\"><span style=\"font-size: 18px; font-weight: bold;\">&nbsp;<\/span><\/p>\n<p style=\"font-size: 18px; font-style: normal; font-weight: 400;\"><span style=\"font-size: 18px; font-weight: bold;\">Nos visite em nossas redes sociais:<\/span><\/p>\n<p style=\"font-size: 18px; font-style: normal; font-weight: 400;\"><a style=\"font-size: 18px;\" href=\"https:\/\/www.facebook.com\/lablaboranalise\/\"><img decoding=\"async\" src=\"http:\/\/lab-laboranalise.com.br\/wp-content\/uploads\/2021\/08\/download-300x158.png\" alt=\"\" width=\"151\" height=\"80\"><\/a><a style=\"font-size: 18px;\" href=\"https:\/\/www.instagram.com\/laborlaboranalise\/?r=nametag\"><img decoding=\"async\" src=\"http:\/\/lab-laboranalise.com.br\/wp-content\/uploads\/2021\/08\/download-2.jpg\" alt=\"\" width=\"79\" height=\"79\"><\/a><\/p>\n<p style=\"font-size: 18px; font-style: normal; font-weight: 400;\">\n<\/p><p><strong>&nbsp;<\/strong><\/p>\n<p><strong>Onde estamos:<\/strong><\/p>\n<p><strong>Matriz<\/strong><br><a href=\"https:\/\/goo.gl\/maps\/cJeM1TVHxVhNScSZ6\">Rua&nbsp;Domingos&nbsp;Martins,&nbsp;n\u00ba&nbsp;26<\/a><br>Centro&nbsp;&#8211;&nbsp;S\u00e3o&nbsp;Jos\u00e9&nbsp;do&nbsp;Cal\u00e7ado&nbsp;\u2013&nbsp;ES<br><a href=\"mailto:laboranalise.sjces@gmail.com\">laboranalise.sjces@gmail.com<\/a><br>(28)&nbsp;3556-0243<\/p>\n<p><strong>Policl\u00ednica&nbsp;Bonjesuense<\/strong><br><a href=\"https:\/\/goo.gl\/maps\/1T86cW2r7d5cQvGm9\">Rua&nbsp;Tenente&nbsp;Jos\u00e9&nbsp;Teixeira,&nbsp;n\u00ba&nbsp;460<\/a><br>Centro&nbsp;&#8211;&nbsp;Bom&nbsp;Jesus&nbsp;do&nbsp;Itabapoana&nbsp;\u2013&nbsp;RJ<br><a href=\"mailto:laboranalise.bji@gmail.com\">laboranalise.bji@gmail.com<\/a><br>(22)&nbsp;3831-6051<\/p>\n<p><strong>Centro&nbsp;Integrado&nbsp;de&nbsp;Sa\u00fade&nbsp;\u2013&nbsp;CIS<\/strong><br><a href=\"https:\/\/goo.gl\/maps\/75NqvXUQcsLVtRxVA\">Rua&nbsp;XV&nbsp;de&nbsp;novembro,&nbsp;n\u00ba&nbsp;360<\/a><br>Centro&nbsp;&#8211;&nbsp;Bom&nbsp;Jesus&nbsp;do&nbsp;Itabapoana&nbsp;\u2013&nbsp;RJ&nbsp;<br><a href=\"mailto:cis@lab-laboranalise.com.br\">cis@lab-laboranalise.com.br<\/a><br>(22) 3831-3561 \/ (22) 98819-9398<\/p>\n<p><strong>Apiac\u00e1<\/strong><br><a href=\"https:\/\/goo.gl\/maps\/vC5VUULiY8LxafUD6\" target=\"_blank\">Rua&nbsp;Jos\u00e9&nbsp;Monteiro,&nbsp;n\u00ba&nbsp;17<\/a><br>Centro&nbsp;&#8211;&nbsp;Apiac\u00e1&nbsp;\u2013&nbsp;ES<br><a href=\"mailto:cis@lab-laboranalise.com.br\">apiaca@lab-laboranalise.com.br<\/a><br>(28) 99951-9641<\/p>\n<p><\/p>\n<p><\/p>\t\t\t\t\t\t\t\t<\/div>\n\t\t\t\t<\/div>\n\t\t\t\t\t<\/div>\n\t\t<\/div>\n\t\t\t\t\t<\/div>\n\t\t<\/section>\n\t\t\t\t<\/div>\n\t\t","protected":false},"excerpt":{"rendered":"<p>Or\u00e7amento: Click aqui: WhatsApp: (22) 98819-9398 &nbsp; Nos visite em nossas redes sociais: &nbsp; Onde estamos: MatrizRua&nbsp;Domingos&nbsp;Martins,&nbsp;n\u00ba&nbsp;26Centro&nbsp;&#8211;&nbsp;S\u00e3o&nbsp;Jos\u00e9&nbsp;do&nbsp;Cal\u00e7ado&nbsp;\u2013&nbsp;ESlaboranalise.sjces@gmail.com(28)&nbsp;3556-0243 Policl\u00ednica&nbsp;BonjesuenseRua&nbsp;Tenente&nbsp;Jos\u00e9&nbsp;Teixeira,&nbsp;n\u00ba&nbsp;460Centro&nbsp;&#8211;&nbsp;Bom&nbsp;Jesus&nbsp;do&nbsp;Itabapoana&nbsp;\u2013&nbsp;RJlaboranalise.bji@gmail.com(22)&nbsp;3831-6051 Centro&nbsp;Integrado&nbsp;de&nbsp;Sa\u00fade&nbsp;\u2013&nbsp;CISRua&nbsp;XV&nbsp;de&nbsp;novembro,&nbsp;n\u00ba&nbsp;360Centro&nbsp;&#8211;&nbsp;Bom&nbsp;Jesus&nbsp;do&nbsp;Itabapoana&nbsp;\u2013&nbsp;RJ&nbsp;cis@lab-laboranalise.com.br(22) 3831-3561 \/ (22) 98819-9398 Apiac\u00e1Rua&nbsp;Jos\u00e9&nbsp;Monteiro,&nbsp;n\u00ba&nbsp;17Centro&nbsp;&#8211;&nbsp;Apiac\u00e1&nbsp;\u2013&nbsp;ESapiaca@lab-laboranalise.com.br(28) 99951-9641<\/p>\n","protected":false},"author":1,"featured_media":0,"parent":0,"menu_order":0,"comment_status":"closed","ping_status":"closed","template":"","meta":{"om_disable_all_campaigns":false,"_monsterinsights_skip_tracking":false,"_monsterinsights_sitenote_active":false,"_monsterinsights_sitenote_note":"","_monsterinsights_sitenote_category":0,"footnotes":""},"class_list":["post-41","page","type-page","status-publish","hentry"],"aioseo_notices":[],"_links":{"self":[{"href":"https:\/\/lab-laboranalise.com.br\/index.php?rest_route=\/wp\/v2\/pages\/41","targetHints":{"allow":["GET"]}}],"collection":[{"href":"https:\/\/lab-laboranalise.com.br\/index.php?rest_route=\/wp\/v2\/pages"}],"about":[{"href":"https:\/\/lab-laboranalise.com.br\/index.php?rest_route=\/wp\/v2\/types\/page"}],"author":[{"embeddable":true,"href":"https:\/\/lab-laboranalise.com.br\/index.php?rest_route=\/wp\/v2\/users\/1"}],"replies":[{"embeddable":true,"href":"https:\/\/lab-laboranalise.com.br\/index.php?rest_route=%2Fwp%2Fv2%2Fcomments&post=41"}],"version-history":[{"count":29,"href":"https:\/\/lab-laboranalise.com.br\/index.php?rest_route=\/wp\/v2\/pages\/41\/revisions"}],"predecessor-version":[{"id":194,"href":"https:\/\/lab-laboranalise.com.br\/index.php?rest_route=\/wp\/v2\/pages\/41\/revisions\/194"}],"wp:attachment":[{"href":"https:\/\/lab-laboranalise.com.br\/index.php?rest_route=%2Fwp%2Fv2%2Fmedia&parent=41"}],"curies":[{"name":"wp","href":"https:\/\/api.w.org\/{rel}","templated":true}]}}